{"id":41,"date":"2022-09-12T18:41:23","date_gmt":"2022-09-12T18:41:23","guid":{"rendered":"https:\/\/agnieszkachechlowska.pl\/?page_id=41"},"modified":"2022-09-18T09:14:28","modified_gmt":"2022-09-18T09:14:28","slug":"oferta","status":"publish","type":"page","link":"https:\/\/agnieszkachechlowska.pl\/index.php\/oferta\/","title":{"rendered":"Oferta"},"content":{"rendered":"\t\t<div data-elementor-type=\"wp-page\" data-elementor-id=\"41\" class=\"elementor elementor-41\">\n\t\t\t\t\t\t\t\t\t<section class=\"elementor-section elementor-top-section elementor-element elementor-element-2ab15ac elementor-section-boxed elementor-section-height-default elementor-section-height-default\" data-id=\"2ab15ac\" data-element_type=\"section\">\n\t\t\t\t\t\t<div class=\"elementor-container elementor-column-gap-default\">\n\t\t\t\t\t<div class=\"elementor-column elementor-col-100 elementor-top-column elementor-element elementor-element-329a970\" data-id=\"329a970\" data-element_type=\"column\">\n\t\t\t<div class=\"elementor-widget-wrap elementor-element-populated\">\n\t\t\t\t\t\t\t\t<div class=\"elementor-element elementor-element-98f3c79 elementor-widget elementor-widget-spacer\" data-id=\"98f3c79\" data-element_type=\"widget\" data-widget_type=\"spacer.default\">\n\t\t\t\t<div class=\"elementor-widget-container\">\n\t\t\t<style>\/*! elementor - v3.7.4 - 31-08-2022 *\/\n.elementor-column .elementor-spacer-inner{height:var(--spacer-size)}.e-container{--container-widget-width:100%}.e-container>.elementor-widget-spacer{width:var(--container-widget-width,var(--spacer-size));-ms-flex-item-align:stretch;align-self:stretch;-ms-flex-negative:0;flex-shrink:0}.e-container>.elementor-widget-spacer>.elementor-widget-container,.e-container>.elementor-widget-spacer>.elementor-widget-container>.elementor-spacer{height:100%}.e-container>.elementor-widget-spacer>.elementor-widget-container>.elementor-spacer>.elementor-spacer-inner{height:var(--container-widget-height,var(--spacer-size))}<\/style>\t\t<div class=\"elementor-spacer\">\n\t\t\t<div class=\"elementor-spacer-inner\"><\/div>\n\t\t<\/div>\n\t\t\t\t<\/div>\n\t\t\t\t<\/div>\n\t\t\t\t\t<\/div>\n\t\t<\/div>\n\t\t\t\t\t\t\t<\/div>\n\t\t<\/section>\n\t\t\t\t<section class=\"elementor-section elementor-top-section elementor-element elementor-element-9ace81d elementor-section-boxed elementor-section-height-default elementor-section-height-default\" data-id=\"9ace81d\" data-element_type=\"section\">\n\t\t\t\t\t\t<div class=\"elementor-container elementor-column-gap-default\">\n\t\t\t\t\t<div class=\"elementor-column elementor-col-25 elementor-top-column elementor-element elementor-element-70a337f\" data-id=\"70a337f\" data-element_type=\"column\">\n\t\t\t<div class=\"elementor-widget-wrap elementor-element-populated\">\n\t\t\t\t\t\t\t\t<div class=\"elementor-element elementor-element-84c0844 elementor-widget elementor-widget-image\" data-id=\"84c0844\" data-element_type=\"widget\" data-widget_type=\"image.default\">\n\t\t\t\t<div class=\"elementor-widget-container\">\n\t\t\t<style>\/*! elementor - v3.7.4 - 31-08-2022 *\/\n.elementor-widget-image{text-align:center}.elementor-widget-image a{display:inline-block}.elementor-widget-image a img[src$=\".svg\"]{width:48px}.elementor-widget-image img{vertical-align:middle;display:inline-block}<\/style>\t\t\t\t\t\t\t\t\t\t\t\t<img width=\"768\" height=\"768\" src=\"https:\/\/agnieszkachechlowska.pl\/wp-content\/uploads\/2022\/09\/1-7-768x768.jpg\" class=\"attachment-medium_large size-medium_large\" alt=\"\" loading=\"lazy\" srcset=\"https:\/\/agnieszkachechlowska.pl\/wp-content\/uploads\/2022\/09\/1-7-768x768.jpg 768w, https:\/\/agnieszkachechlowska.pl\/wp-content\/uploads\/2022\/09\/1-7-300x300.jpg 300w, https:\/\/agnieszkachechlowska.pl\/wp-content\/uploads\/2022\/09\/1-7-1024x1024.jpg 1024w, https:\/\/agnieszkachechlowska.pl\/wp-content\/uploads\/2022\/09\/1-7-150x150.jpg 150w, https:\/\/agnieszkachechlowska.pl\/wp-content\/uploads\/2022\/09\/1-7-1536x1536.jpg 1536w, https:\/\/agnieszkachechlowska.pl\/wp-content\/uploads\/2022\/09\/1-7-2048x2048.jpg 2048w\" sizes=\"(max-width: 768px) 100vw, 768px\" \/>\t\t\t\t\t\t\t\t\t\t\t\t\t\t\t<\/div>\n\t\t\t\t<\/div>\n\t\t\t\t\t<\/div>\n\t\t<\/div>\n\t\t\t\t<div class=\"elementor-column elementor-col-25 elementor-top-column elementor-element elementor-element-ef307e1\" data-id=\"ef307e1\" data-element_type=\"column\">\n\t\t\t<div class=\"elementor-widget-wrap elementor-element-populated\">\n\t\t\t\t\t\t\t\t<div class=\"elementor-element elementor-element-ff9bbe9 elementor-widget elementor-widget-text-editor\" data-id=\"ff9bbe9\" data-element_type=\"widget\" data-widget_type=\"text-editor.default\">\n\t\t\t\t<div class=\"elementor-widget-container\">\n\t\t\t<style>\/*! elementor - v3.7.4 - 31-08-2022 *\/\n.elementor-widget-text-editor.elementor-drop-cap-view-stacked .elementor-drop-cap{background-color:#818a91;color:#fff}.elementor-widget-text-editor.elementor-drop-cap-view-framed .elementor-drop-cap{color:#818a91;border:3px solid;background-color:transparent}.elementor-widget-text-editor:not(.elementor-drop-cap-view-default) .elementor-drop-cap{margin-top:8px}.elementor-widget-text-editor:not(.elementor-drop-cap-view-default) .elementor-drop-cap-letter{width:1em;height:1em}.elementor-widget-text-editor .elementor-drop-cap{float:left;text-align:center;line-height:1;font-size:50px}.elementor-widget-text-editor .elementor-drop-cap-letter{display:inline-block}<\/style>\t\t\t\t<h5 style=\"text-align: center;\"><strong>Fotografia \u015blubna<\/strong><\/h5>\n<p>Tworz\u0119 z Wami najwa\u017cniejsz\u0105 pami\u0105tk\u0119 z dnia \u015alubu, do kt\u00f3rej Wy, Wasze dzieci, wnuki b\u0119dziecie ca\u0142e \u017cycie powraca\u0107. Realizuj\u0119 nie tylko reporta\u017ce \u015blubne. W mojej ofercie s\u0105 te\u017c sesje narzecze\u0144skie, sesje \u015blubne, kt\u00f3re wspaniale uzupe\u0142niaj\u0105 podstawowy reporta\u017c ze \u015blubu.<\/p>\t\t\t\t\t\t<\/div>\n\t\t\t\t<\/div>\n\t\t\t\t\t<\/div>\n\t\t<\/div>\n\t\t\t\t<div class=\"elementor-column elementor-col-25 elementor-top-column elementor-element elementor-element-f1f45c7\" data-id=\"f1f45c7\" data-element_type=\"column\">\n\t\t\t<div class=\"elementor-widget-wrap elementor-element-populated\">\n\t\t\t\t\t\t\t\t<div class=\"elementor-element elementor-element-b7a7eca elementor-widget elementor-widget-image\" data-id=\"b7a7eca\" data-element_type=\"widget\" data-widget_type=\"image.default\">\n\t\t\t\t<div class=\"elementor-widget-container\">\n\t\t\t\t\t\t\t\t\t\t\t\t\t\t\t<img width=\"768\" height=\"768\" src=\"https:\/\/agnieszkachechlowska.pl\/wp-content\/uploads\/2022\/09\/2-5-768x768.jpg\" class=\"attachment-medium_large size-medium_large\" alt=\"\" loading=\"lazy\" srcset=\"https:\/\/agnieszkachechlowska.pl\/wp-content\/uploads\/2022\/09\/2-5-768x768.jpg 768w, https:\/\/agnieszkachechlowska.pl\/wp-content\/uploads\/2022\/09\/2-5-300x300.jpg 300w, https:\/\/agnieszkachechlowska.pl\/wp-content\/uploads\/2022\/09\/2-5-1024x1024.jpg 1024w, https:\/\/agnieszkachechlowska.pl\/wp-content\/uploads\/2022\/09\/2-5-150x150.jpg 150w, https:\/\/agnieszkachechlowska.pl\/wp-content\/uploads\/2022\/09\/2-5-1536x1536.jpg 1536w, https:\/\/agnieszkachechlowska.pl\/wp-content\/uploads\/2022\/09\/2-5-2048x2048.jpg 2048w\" sizes=\"(max-width: 768px) 100vw, 768px\" \/>\t\t\t\t\t\t\t\t\t\t\t\t\t\t\t<\/div>\n\t\t\t\t<\/div>\n\t\t\t\t\t<\/div>\n\t\t<\/div>\n\t\t\t\t<div class=\"elementor-column elementor-col-25 elementor-top-column elementor-element elementor-element-5a79e35\" data-id=\"5a79e35\" data-element_type=\"column\">\n\t\t\t<div class=\"elementor-widget-wrap elementor-element-populated\">\n\t\t\t\t\t\t\t\t<div class=\"elementor-element elementor-element-d957d7d elementor-widget elementor-widget-text-editor\" data-id=\"d957d7d\" data-element_type=\"widget\" data-widget_type=\"text-editor.default\">\n\t\t\t\t<div class=\"elementor-widget-container\">\n\t\t\t\t\t\t\t<h5 style=\"text-align: center;\"><strong>Fotografia rodzinna<\/strong><\/h5>\n<p>Towarzysz\u0119 w wa\u017cnych dla Was uroczysto\u015bciach. Chrzest \u015awi\u0119ty, Komunia \u015awi\u0119ta, Wieczory Panie\u0144skie, sesje brzuszkowe, <br>a tak\u017ce r\u00f3\u017cne sesje rodzinne.<\/p>\t\t\t\t\t\t<\/div>\n\t\t\t\t<\/div>\n\t\t\t\t\t<\/div>\n\t\t<\/div>\n\t\t\t\t\t\t\t<\/div>\n\t\t<\/section>\n\t\t\t\t<section class=\"elementor-section elementor-top-section elementor-element elementor-element-008da38 elementor-section-boxed elementor-section-height-default elementor-section-height-default\" data-id=\"008da38\" data-element_type=\"section\">\n\t\t\t\t\t\t<div class=\"elementor-container elementor-column-gap-default\">\n\t\t\t\t\t<div class=\"elementor-column elementor-col-25 elementor-top-column elementor-element elementor-element-260ca9b\" data-id=\"260ca9b\" data-element_type=\"column\">\n\t\t\t<div class=\"elementor-widget-wrap elementor-element-populated\">\n\t\t\t\t\t\t\t\t<div class=\"elementor-element elementor-element-551cc0e elementor-widget elementor-widget-image\" data-id=\"551cc0e\" data-element_type=\"widget\" data-widget_type=\"image.default\">\n\t\t\t\t<div class=\"elementor-widget-container\">\n\t\t\t\t\t\t\t\t\t\t\t\t\t\t\t<img width=\"768\" height=\"768\" src=\"https:\/\/agnieszkachechlowska.pl\/wp-content\/uploads\/2022\/09\/3-6-768x768.jpg\" class=\"attachment-medium_large size-medium_large\" alt=\"\" loading=\"lazy\" srcset=\"https:\/\/agnieszkachechlowska.pl\/wp-content\/uploads\/2022\/09\/3-6-768x768.jpg 768w, https:\/\/agnieszkachechlowska.pl\/wp-content\/uploads\/2022\/09\/3-6-300x300.jpg 300w, https:\/\/agnieszkachechlowska.pl\/wp-content\/uploads\/2022\/09\/3-6-1024x1024.jpg 1024w, https:\/\/agnieszkachechlowska.pl\/wp-content\/uploads\/2022\/09\/3-6-150x150.jpg 150w, https:\/\/agnieszkachechlowska.pl\/wp-content\/uploads\/2022\/09\/3-6-1536x1536.jpg 1536w, https:\/\/agnieszkachechlowska.pl\/wp-content\/uploads\/2022\/09\/3-6-2048x2048.jpg 2048w\" sizes=\"(max-width: 768px) 100vw, 768px\" \/>\t\t\t\t\t\t\t\t\t\t\t\t\t\t\t<\/div>\n\t\t\t\t<\/div>\n\t\t\t\t\t<\/div>\n\t\t<\/div>\n\t\t\t\t<div class=\"elementor-column elementor-col-25 elementor-top-column elementor-element elementor-element-a79f41a\" data-id=\"a79f41a\" data-element_type=\"column\">\n\t\t\t<div class=\"elementor-widget-wrap elementor-element-populated\">\n\t\t\t\t\t\t\t\t<div class=\"elementor-element elementor-element-405fd16 elementor-widget elementor-widget-text-editor\" data-id=\"405fd16\" data-element_type=\"widget\" data-widget_type=\"text-editor.default\">\n\t\t\t\t<div class=\"elementor-widget-container\">\n\t\t\t\t\t\t\t<h5 style=\"text-align: center;\"><strong>Fotografia reporta\u017cowa<\/strong><\/h5><p>Wykonuj\u0119 fotoreporta\u017ce z r\u00f3\u017cnych wydarze\u0144 kulturalnych, koncert\u00f3w, konferencji, pokaz\u00f3w i wystaw.<\/p>\t\t\t\t\t\t<\/div>\n\t\t\t\t<\/div>\n\t\t\t\t\t<\/div>\n\t\t<\/div>\n\t\t\t\t<div class=\"elementor-column elementor-col-25 elementor-top-column elementor-element elementor-element-e448ae0\" data-id=\"e448ae0\" data-element_type=\"column\">\n\t\t\t<div class=\"elementor-widget-wrap elementor-element-populated\">\n\t\t\t\t\t\t\t\t<div class=\"elementor-element elementor-element-d5d208e elementor-widget elementor-widget-image\" data-id=\"d5d208e\" data-element_type=\"widget\" data-widget_type=\"image.default\">\n\t\t\t\t<div class=\"elementor-widget-container\">\n\t\t\t\t\t\t\t\t\t\t\t\t\t\t\t<img width=\"768\" height=\"768\" src=\"https:\/\/agnieszkachechlowska.pl\/wp-content\/uploads\/2022\/09\/9-2-768x768.jpg\" class=\"attachment-medium_large size-medium_large\" alt=\"\" loading=\"lazy\" srcset=\"https:\/\/agnieszkachechlowska.pl\/wp-content\/uploads\/2022\/09\/9-2-768x768.jpg 768w, https:\/\/agnieszkachechlowska.pl\/wp-content\/uploads\/2022\/09\/9-2-300x300.jpg 300w, https:\/\/agnieszkachechlowska.pl\/wp-content\/uploads\/2022\/09\/9-2-1024x1024.jpg 1024w, https:\/\/agnieszkachechlowska.pl\/wp-content\/uploads\/2022\/09\/9-2-150x150.jpg 150w, https:\/\/agnieszkachechlowska.pl\/wp-content\/uploads\/2022\/09\/9-2-1536x1536.jpg 1536w, https:\/\/agnieszkachechlowska.pl\/wp-content\/uploads\/2022\/09\/9-2-2048x2048.jpg 2048w\" sizes=\"(max-width: 768px) 100vw, 768px\" \/>\t\t\t\t\t\t\t\t\t\t\t\t\t\t\t<\/div>\n\t\t\t\t<\/div>\n\t\t\t\t\t<\/div>\n\t\t<\/div>\n\t\t\t\t<div class=\"elementor-column elementor-col-25 elementor-top-column elementor-element elementor-element-63ea50a\" data-id=\"63ea50a\" data-element_type=\"column\">\n\t\t\t<div class=\"elementor-widget-wrap elementor-element-populated\">\n\t\t\t\t\t\t\t\t<div class=\"elementor-element elementor-element-ea5152b elementor-widget elementor-widget-text-editor\" data-id=\"ea5152b\" data-element_type=\"widget\" data-widget_type=\"text-editor.default\">\n\t\t\t\t<div class=\"elementor-widget-container\">\n\t\t\t\t\t\t\t<h5 style=\"text-align: center;\"><strong>Fotografia sportowa<\/strong><\/h5><p>Wykonuj\u0119 wszelkie reporta\u017ce <br \/>z wydarze\u0144 sportowych.<\/p>\t\t\t\t\t\t<\/div>\n\t\t\t\t<\/div>\n\t\t\t\t\t<\/div>\n\t\t<\/div>\n\t\t\t\t\t\t\t<\/div>\n\t\t<\/section>\n\t\t\t\t<section class=\"elementor-section elementor-top-section elementor-element elementor-element-80b57ae elementor-section-boxed elementor-section-height-default elementor-section-height-default\" data-id=\"80b57ae\" data-element_type=\"section\">\n\t\t\t\t\t\t<div class=\"elementor-container elementor-column-gap-default\">\n\t\t\t\t\t<div class=\"elementor-column elementor-col-25 elementor-top-column elementor-element elementor-element-d348da9\" data-id=\"d348da9\" data-element_type=\"column\">\n\t\t\t<div class=\"elementor-widget-wrap elementor-element-populated\">\n\t\t\t\t\t\t\t\t<div class=\"elementor-element elementor-element-9910419 elementor-widget elementor-widget-image\" data-id=\"9910419\" data-element_type=\"widget\" data-widget_type=\"image.default\">\n\t\t\t\t<div class=\"elementor-widget-container\">\n\t\t\t\t\t\t\t\t\t\t\t\t\t\t\t<img width=\"768\" height=\"768\" src=\"https:\/\/agnieszkachechlowska.pl\/wp-content\/uploads\/2022\/09\/5-3-768x768.jpg\" class=\"attachment-medium_large size-medium_large\" alt=\"\" loading=\"lazy\" srcset=\"https:\/\/agnieszkachechlowska.pl\/wp-content\/uploads\/2022\/09\/5-3-768x768.jpg 768w, https:\/\/agnieszkachechlowska.pl\/wp-content\/uploads\/2022\/09\/5-3-300x300.jpg 300w, https:\/\/agnieszkachechlowska.pl\/wp-content\/uploads\/2022\/09\/5-3-1024x1024.jpg 1024w, https:\/\/agnieszkachechlowska.pl\/wp-content\/uploads\/2022\/09\/5-3-150x150.jpg 150w, https:\/\/agnieszkachechlowska.pl\/wp-content\/uploads\/2022\/09\/5-3-1536x1536.jpg 1536w, https:\/\/agnieszkachechlowska.pl\/wp-content\/uploads\/2022\/09\/5-3-2048x2048.jpg 2048w\" sizes=\"(max-width: 768px) 100vw, 768px\" \/>\t\t\t\t\t\t\t\t\t\t\t\t\t\t\t<\/div>\n\t\t\t\t<\/div>\n\t\t\t\t\t<\/div>\n\t\t<\/div>\n\t\t\t\t<div class=\"elementor-column elementor-col-25 elementor-top-column elementor-element elementor-element-d3753d3\" data-id=\"d3753d3\" data-element_type=\"column\">\n\t\t\t<div class=\"elementor-widget-wrap elementor-element-populated\">\n\t\t\t\t\t\t\t\t<div class=\"elementor-element elementor-element-fae19d6 elementor-widget elementor-widget-text-editor\" data-id=\"fae19d6\" data-element_type=\"widget\" data-widget_type=\"text-editor.default\">\n\t\t\t\t<div class=\"elementor-widget-container\">\n\t\t\t\t\t\t\t<h5 style=\"text-align: center;\"><strong>Fotografia portretowa<\/strong><\/h5>\n<p>Portrety pokazuj\u0105ce prawd\u0119, pi\u0119kno, emocje i uczucia.&nbsp;Portretuj\u0119 nie tylko ludzi, ale tak\u017ce ich zwierz\u0119ta, psy, konie i inne.<\/p>\t\t\t\t\t\t<\/div>\n\t\t\t\t<\/div>\n\t\t\t\t\t<\/div>\n\t\t<\/div>\n\t\t\t\t<div class=\"elementor-column elementor-col-25 elementor-top-column elementor-element elementor-element-a1b0a91\" data-id=\"a1b0a91\" data-element_type=\"column\">\n\t\t\t<div class=\"elementor-widget-wrap elementor-element-populated\">\n\t\t\t\t\t\t\t\t<div class=\"elementor-element elementor-element-bd2929c elementor-widget elementor-widget-image\" data-id=\"bd2929c\" data-element_type=\"widget\" data-widget_type=\"image.default\">\n\t\t\t\t<div class=\"elementor-widget-container\">\n\t\t\t\t\t\t\t\t\t\t\t\t\t\t\t<img width=\"768\" height=\"768\" src=\"https:\/\/agnieszkachechlowska.pl\/wp-content\/uploads\/2022\/09\/6-3-768x768.jpg\" class=\"attachment-medium_large size-medium_large\" alt=\"\" loading=\"lazy\" srcset=\"https:\/\/agnieszkachechlowska.pl\/wp-content\/uploads\/2022\/09\/6-3-768x768.jpg 768w, https:\/\/agnieszkachechlowska.pl\/wp-content\/uploads\/2022\/09\/6-3-300x300.jpg 300w, https:\/\/agnieszkachechlowska.pl\/wp-content\/uploads\/2022\/09\/6-3-1024x1024.jpg 1024w, https:\/\/agnieszkachechlowska.pl\/wp-content\/uploads\/2022\/09\/6-3-150x150.jpg 150w, https:\/\/agnieszkachechlowska.pl\/wp-content\/uploads\/2022\/09\/6-3-1536x1536.jpg 1536w, https:\/\/agnieszkachechlowska.pl\/wp-content\/uploads\/2022\/09\/6-3-2048x2048.jpg 2048w\" sizes=\"(max-width: 768px) 100vw, 768px\" \/>\t\t\t\t\t\t\t\t\t\t\t\t\t\t\t<\/div>\n\t\t\t\t<\/div>\n\t\t\t\t\t<\/div>\n\t\t<\/div>\n\t\t\t\t<div class=\"elementor-column elementor-col-25 elementor-top-column elementor-element elementor-element-fc3129c\" data-id=\"fc3129c\" data-element_type=\"column\">\n\t\t\t<div class=\"elementor-widget-wrap elementor-element-populated\">\n\t\t\t\t\t\t\t\t<div class=\"elementor-element elementor-element-f46e7d6 elementor-widget elementor-widget-text-editor\" data-id=\"f46e7d6\" data-element_type=\"widget\" data-widget_type=\"text-editor.default\">\n\t\t\t\t<div class=\"elementor-widget-container\">\n\t\t\t\t\t\t\t<h5 style=\"text-align: center;\"><strong>Fotografia wizerunkowa<\/strong><\/h5>\n<p>Zajmuj\u0119 si\u0119 fotografi\u0105 <br>wizerunkow\u0105, biznesow\u0105 <br>i korporacyjn\u0105. Wykonuj\u0119 tak\u017ce czyste portrety na bia\u0142ym, jednolitym tle.<\/p>\t\t\t\t\t\t<\/div>\n\t\t\t\t<\/div>\n\t\t\t\t\t<\/div>\n\t\t<\/div>\n\t\t\t\t\t\t\t<\/div>\n\t\t<\/section>\n\t\t\t\t<section class=\"elementor-section elementor-top-section elementor-element elementor-element-47e84cd elementor-section-boxed elementor-section-height-default elementor-section-height-default\" data-id=\"47e84cd\" data-element_type=\"section\">\n\t\t\t\t\t\t<div class=\"elementor-container elementor-column-gap-default\">\n\t\t\t\t\t<div class=\"elementor-column elementor-col-25 elementor-top-column elementor-element elementor-element-77f4aa7\" data-id=\"77f4aa7\" data-element_type=\"column\">\n\t\t\t<div class=\"elementor-widget-wrap elementor-element-populated\">\n\t\t\t\t\t\t\t\t<div class=\"elementor-element elementor-element-91dfed4 elementor-widget elementor-widget-image\" data-id=\"91dfed4\" data-element_type=\"widget\" data-widget_type=\"image.default\">\n\t\t\t\t<div class=\"elementor-widget-container\">\n\t\t\t\t\t\t\t\t\t\t\t\t\t\t\t<img width=\"768\" height=\"768\" src=\"https:\/\/agnieszkachechlowska.pl\/wp-content\/uploads\/2022\/09\/7-3-768x768.jpg\" class=\"attachment-medium_large size-medium_large\" alt=\"\" loading=\"lazy\" srcset=\"https:\/\/agnieszkachechlowska.pl\/wp-content\/uploads\/2022\/09\/7-3-768x768.jpg 768w, https:\/\/agnieszkachechlowska.pl\/wp-content\/uploads\/2022\/09\/7-3-300x300.jpg 300w, https:\/\/agnieszkachechlowska.pl\/wp-content\/uploads\/2022\/09\/7-3-1024x1024.jpg 1024w, https:\/\/agnieszkachechlowska.pl\/wp-content\/uploads\/2022\/09\/7-3-150x150.jpg 150w, https:\/\/agnieszkachechlowska.pl\/wp-content\/uploads\/2022\/09\/7-3-1536x1536.jpg 1536w, https:\/\/agnieszkachechlowska.pl\/wp-content\/uploads\/2022\/09\/7-3-2048x2048.jpg 2048w\" sizes=\"(max-width: 768px) 100vw, 768px\" \/>\t\t\t\t\t\t\t\t\t\t\t\t\t\t\t<\/div>\n\t\t\t\t<\/div>\n\t\t\t\t\t<\/div>\n\t\t<\/div>\n\t\t\t\t<div class=\"elementor-column elementor-col-25 elementor-top-column elementor-element elementor-element-1362f9e\" data-id=\"1362f9e\" data-element_type=\"column\">\n\t\t\t<div class=\"elementor-widget-wrap elementor-element-populated\">\n\t\t\t\t\t\t\t\t<div class=\"elementor-element elementor-element-818ce80 elementor-widget elementor-widget-text-editor\" data-id=\"818ce80\" data-element_type=\"widget\" data-widget_type=\"text-editor.default\">\n\t\t\t\t<div class=\"elementor-widget-container\">\n\t\t\t\t\t\t\t<h5 style=\"text-align: center;\"><strong>Fotografia produktowa<\/strong><\/h5>\n<p>Oferuj\u0119 aran\u017cowane sesje produktowe, zdj\u0119cia typu flatlay oraz packshoty, na czystym bia\u0142ym tle. Zakres tej oferty obejmuj\u0119 tak\u017ce fotografi\u0119 kulinarn\u0105.<\/p>\t\t\t\t\t\t<\/div>\n\t\t\t\t<\/div>\n\t\t\t\t\t<\/div>\n\t\t<\/div>\n\t\t\t\t<div class=\"elementor-column elementor-col-25 elementor-top-column elementor-element elementor-element-325f5b4\" data-id=\"325f5b4\" data-element_type=\"column\">\n\t\t\t<div class=\"elementor-widget-wrap elementor-element-populated\">\n\t\t\t\t\t\t\t\t<div class=\"elementor-element elementor-element-1d67d75 elementor-widget elementor-widget-image\" data-id=\"1d67d75\" data-element_type=\"widget\" data-widget_type=\"image.default\">\n\t\t\t\t<div class=\"elementor-widget-container\">\n\t\t\t\t\t\t\t\t\t\t\t\t\t\t\t<img width=\"768\" height=\"768\" src=\"https:\/\/agnieszkachechlowska.pl\/wp-content\/uploads\/2022\/09\/8-3-768x768.jpg\" class=\"attachment-medium_large size-medium_large\" alt=\"\" loading=\"lazy\" srcset=\"https:\/\/agnieszkachechlowska.pl\/wp-content\/uploads\/2022\/09\/8-3-768x768.jpg 768w, https:\/\/agnieszkachechlowska.pl\/wp-content\/uploads\/2022\/09\/8-3-300x300.jpg 300w, https:\/\/agnieszkachechlowska.pl\/wp-content\/uploads\/2022\/09\/8-3-1024x1024.jpg 1024w, https:\/\/agnieszkachechlowska.pl\/wp-content\/uploads\/2022\/09\/8-3-150x150.jpg 150w, https:\/\/agnieszkachechlowska.pl\/wp-content\/uploads\/2022\/09\/8-3-1536x1536.jpg 1536w, https:\/\/agnieszkachechlowska.pl\/wp-content\/uploads\/2022\/09\/8-3-2048x2048.jpg 2048w\" sizes=\"(max-width: 768px) 100vw, 768px\" \/>\t\t\t\t\t\t\t\t\t\t\t\t\t\t\t<\/div>\n\t\t\t\t<\/div>\n\t\t\t\t\t<\/div>\n\t\t<\/div>\n\t\t\t\t<div class=\"elementor-column elementor-col-25 elementor-top-column elementor-element elementor-element-78437ea\" data-id=\"78437ea\" data-element_type=\"column\">\n\t\t\t<div class=\"elementor-widget-wrap elementor-element-populated\">\n\t\t\t\t\t\t\t\t<div class=\"elementor-element elementor-element-a301b38 elementor-widget elementor-widget-text-editor\" data-id=\"a301b38\" data-element_type=\"widget\" data-widget_type=\"text-editor.default\">\n\t\t\t\t<div class=\"elementor-widget-container\">\n\t\t\t\t\t\t\t<h5 style=\"text-align: center;\"><strong>Fotografia wn\u0119trz<\/strong><\/h5>\n<p>Wykonuj\u0119 zdj\u0119cia wn\u0119trz, obiekt\u00f3w <br>i ich infrastruktury.<\/p>\t\t\t\t\t\t<\/div>\n\t\t\t\t<\/div>\n\t\t\t\t\t<\/div>\n\t\t<\/div>\n\t\t\t\t\t\t\t<\/div>\n\t\t<\/section>\n\t\t\t\t\t\t\t<\/div>\n\t\t","protected":false},"excerpt":{"rendered":"<p>Fotografia \u015blubna Tworz\u0119 z Wami najwa\u017cniejsz\u0105 pami\u0105tk\u0119 z dnia \u015alubu, do kt\u00f3rej Wy, Wasze dzieci, wnuki b\u0119dziecie ca\u0142e \u017cycie powraca\u0107. Realizuj\u0119 nie tylko reporta\u017ce \u015blubne. W mojej ofercie s\u0105 te\u017c sesje narzecze\u0144skie, sesje \u015blubne, kt\u00f3re wspaniale uzupe\u0142niaj\u0105 podstawowy reporta\u017c ze \u015blubu. Fotografia rodzinna Towarzysz\u0119 w wa\u017cnych dla Was uroczysto\u015bciach. Chrzest \u015awi\u0119ty, Komunia \u015awi\u0119ta, Wieczory Panie\u0144skie, [&hellip;]<\/p>\n","protected":false},"author":1,"featured_media":0,"parent":0,"menu_order":0,"comment_status":"closed","ping_status":"closed","template":"","meta":[],"_links":{"self":[{"href":"https:\/\/agnieszkachechlowska.pl\/index.php\/wp-json\/wp\/v2\/pages\/41"}],"collection":[{"href":"https:\/\/agnieszkachechlowska.pl\/index.php\/wp-json\/wp\/v2\/pages"}],"about":[{"href":"https:\/\/agnieszkachechlowska.pl\/index.php\/wp-json\/wp\/v2\/types\/page"}],"author":[{"embeddable":true,"href":"https:\/\/agnieszkachechlowska.pl\/index.php\/wp-json\/wp\/v2\/users\/1"}],"replies":[{"embeddable":true,"href":"https:\/\/agnieszkachechlowska.pl\/index.php\/wp-json\/wp\/v2\/comments?post=41"}],"version-history":[{"count":46,"href":"https:\/\/agnieszkachechlowska.pl\/index.php\/wp-json\/wp\/v2\/pages\/41\/revisions"}],"predecessor-version":[{"id":9166,"href":"https:\/\/agnieszkachechlowska.pl\/index.php\/wp-json\/wp\/v2\/pages\/41\/revisions\/9166"}],"wp:attachment":[{"href":"https:\/\/agnieszkachechlowska.pl\/index.php\/wp-json\/wp\/v2\/media?parent=41"}],"curies":[{"name":"wp","href":"https:\/\/api.w.org\/{rel}","templated":true}]}}