{"id":39,"date":"2022-09-12T18:41:23","date_gmt":"2022-09-12T18:41:23","guid":{"rendered":"https:\/\/agnieszkachechlowska.pl\/?page_id=39"},"modified":"2023-04-05T17:17:57","modified_gmt":"2023-04-05T17:17:57","slug":"o-mnie","status":"publish","type":"page","link":"https:\/\/agnieszkachechlowska.pl\/index.php\/o-mnie\/","title":{"rendered":"O mnie"},"content":{"rendered":"\t\t<div data-elementor-type=\"wp-page\" data-elementor-id=\"39\" class=\"elementor elementor-39\">\n\t\t\t\t\t\t\t\t\t<section class=\"elementor-section elementor-top-section elementor-element elementor-element-82c92c7 elementor-section-boxed elementor-section-height-default elementor-section-height-default\" data-id=\"82c92c7\" data-element_type=\"section\">\n\t\t\t\t\t\t<div class=\"elementor-container elementor-column-gap-default\">\n\t\t\t\t\t<div class=\"elementor-column elementor-col-100 elementor-top-column elementor-element elementor-element-68546c8\" data-id=\"68546c8\" data-element_type=\"column\">\n\t\t\t<div class=\"elementor-widget-wrap elementor-element-populated\">\n\t\t\t\t\t\t\t\t<div class=\"elementor-element elementor-element-29168ab elementor-widget elementor-widget-spacer\" data-id=\"29168ab\" data-element_type=\"widget\" data-widget_type=\"spacer.default\">\n\t\t\t\t<div class=\"elementor-widget-container\">\n\t\t\t<style>\/*! elementor - v3.7.4 - 31-08-2022 *\/\n.elementor-column .elementor-spacer-inner{height:var(--spacer-size)}.e-container{--container-widget-width:100%}.e-container>.elementor-widget-spacer{width:var(--container-widget-width,var(--spacer-size));-ms-flex-item-align:stretch;align-self:stretch;-ms-flex-negative:0;flex-shrink:0}.e-container>.elementor-widget-spacer>.elementor-widget-container,.e-container>.elementor-widget-spacer>.elementor-widget-container>.elementor-spacer{height:100%}.e-container>.elementor-widget-spacer>.elementor-widget-container>.elementor-spacer>.elementor-spacer-inner{height:var(--container-widget-height,var(--spacer-size))}<\/style>\t\t<div class=\"elementor-spacer\">\n\t\t\t<div class=\"elementor-spacer-inner\"><\/div>\n\t\t<\/div>\n\t\t\t\t<\/div>\n\t\t\t\t<\/div>\n\t\t\t\t\t<\/div>\n\t\t<\/div>\n\t\t\t\t\t\t\t<\/div>\n\t\t<\/section>\n\t\t\t\t<section class=\"elementor-section elementor-top-section elementor-element elementor-element-c623578 elementor-reverse-tablet elementor-reverse-mobile elementor-hidden-tablet elementor-hidden-mobile elementor-section-boxed elementor-section-height-default elementor-section-height-default\" data-id=\"c623578\" data-element_type=\"section\" data-settings=\"{&quot;background_background&quot;:&quot;classic&quot;}\">\n\t\t\t\t\t\t\t<div class=\"elementor-background-overlay\"><\/div>\n\t\t\t\t\t\t\t<div class=\"elementor-container elementor-column-gap-default\">\n\t\t\t\t\t<div class=\"elementor-column elementor-col-50 elementor-top-column elementor-element elementor-element-cb6b6db\" data-id=\"cb6b6db\" data-element_type=\"column\">\n\t\t\t<div class=\"elementor-widget-wrap elementor-element-populated\">\n\t\t\t\t\t\t\t\t<div class=\"elementor-element elementor-element-919be69 animated-slow elementor-invisible elementor-widget elementor-widget-heading\" data-id=\"919be69\" data-element_type=\"widget\" data-settings=\"{&quot;_animation&quot;:&quot;fadeIn&quot;,&quot;_animation_delay&quot;:600}\" data-widget_type=\"heading.default\">\n\t\t\t\t<div class=\"elementor-widget-container\">\n\t\t\t<style>\/*! elementor - v3.7.4 - 31-08-2022 *\/\n.elementor-heading-title{padding:0;margin:0;line-height:1}.elementor-widget-heading .elementor-heading-title[class*=elementor-size-]>a{color:inherit;font-size:inherit;line-height:inherit}.elementor-widget-heading .elementor-heading-title.elementor-size-small{font-size:15px}.elementor-widget-heading .elementor-heading-title.elementor-size-medium{font-size:19px}.elementor-widget-heading .elementor-heading-title.elementor-size-large{font-size:29px}.elementor-widget-heading .elementor-heading-title.elementor-size-xl{font-size:39px}.elementor-widget-heading .elementor-heading-title.elementor-size-xxl{font-size:59px}<\/style><h2 class=\"elementor-heading-title elementor-size-default\">AGnieszka<br>Chech\u0142owska<\/h2>\t\t<\/div>\n\t\t\t\t<\/div>\n\t\t\t\t<div class=\"elementor-element elementor-element-4a268a6 elementor-invisible elementor-widget elementor-widget-text-editor\" data-id=\"4a268a6\" data-element_type=\"widget\" data-settings=\"{&quot;_animation&quot;:&quot;fadeInDown&quot;}\" data-widget_type=\"text-editor.default\">\n\t\t\t\t<div class=\"elementor-widget-container\">\n\t\t\t<style>\/*! elementor - v3.7.4 - 31-08-2022 *\/\n.elementor-widget-text-editor.elementor-drop-cap-view-stacked .elementor-drop-cap{background-color:#818a91;color:#fff}.elementor-widget-text-editor.elementor-drop-cap-view-framed .elementor-drop-cap{color:#818a91;border:3px solid;background-color:transparent}.elementor-widget-text-editor:not(.elementor-drop-cap-view-default) .elementor-drop-cap{margin-top:8px}.elementor-widget-text-editor:not(.elementor-drop-cap-view-default) .elementor-drop-cap-letter{width:1em;height:1em}.elementor-widget-text-editor .elementor-drop-cap{float:left;text-align:center;line-height:1;font-size:50px}.elementor-widget-text-editor .elementor-drop-cap-letter{display:inline-block}<\/style>\t\t\t\t<p>CHechlovska foto<\/p>\t\t\t\t\t\t<\/div>\n\t\t\t\t<\/div>\n\t\t\t\t<div class=\"elementor-element elementor-element-97dc8b7 elementor-invisible elementor-widget elementor-widget-text-editor\" data-id=\"97dc8b7\" data-element_type=\"widget\" data-settings=\"{&quot;_animation_delay&quot;:600,&quot;_animation&quot;:&quot;fadeInUp&quot;}\" data-widget_type=\"text-editor.default\">\n\t\t\t\t<div class=\"elementor-widget-container\">\n\t\t\t\t\t\t\t<p style=\"text-align: left;\"><em>W fotografii podoba mi si\u0119 to, \u017ce mo\u017cna uchwyci\u0107 moment, kt\u00f3ry znikn\u0105\u0142 na zawsze, i taki, kt\u00f3ry jest niemo\u017cliwy do odtworzenia.<\/em><\/p><p style=\"padding-left: 40px; text-align: right;\"><em>Karl Lagerfeld<\/em><\/p>\t\t\t\t\t\t<\/div>\n\t\t\t\t<\/div>\n\t\t\t\t<div class=\"elementor-element elementor-element-41c429c elementor-invisible elementor-widget elementor-widget-text-editor\" data-id=\"41c429c\" data-element_type=\"widget\" data-settings=\"{&quot;_animation_delay&quot;:600,&quot;_animation&quot;:&quot;fadeInUp&quot;}\" data-widget_type=\"text-editor.default\">\n\t\t\t\t<div class=\"elementor-widget-container\">\n\t\t\t\t\t\t\t<p><em>Fotografia jest dla mnie sztuk\u0105 obserwacji. To umiej\u0119tno\u015b\u0107 znalezienia czego\u015b interesuj\u0105cego w zwyk\u0142ym miejscu. Odkry\u0142em, \u017ce nie jest zbyt istotne co wida\u0107 &#8211; istotne jest to, co potrafisz z tym zrobi\u0107.\u00a0<\/em><\/p><p style=\"text-align: right;\"><em>Elliott Erwitt<\/em><\/p>\t\t\t\t\t\t<\/div>\n\t\t\t\t<\/div>\n\t\t\t\t<div class=\"elementor-element elementor-element-8da7d15 elementor-invisible elementor-widget elementor-widget-text-editor\" data-id=\"8da7d15\" data-element_type=\"widget\" data-settings=\"{&quot;_animation_delay&quot;:600,&quot;_animation&quot;:&quot;fadeInUp&quot;}\" data-widget_type=\"text-editor.default\">\n\t\t\t\t<div class=\"elementor-widget-container\">\n\t\t\t\t\t\t\t<p style=\"text-align: left;\"><em>Do obiektywu trzeba podkra\u015b\u0107 si\u0119 na palcach, nawet w przypadku martwej natury. Trzeba w\u0142o\u017cy\u0107 aksamitne r\u0119kawiczki i by\u0107 czujnym. Bez przepychania i t\u0142oczenia si\u0119.&#8221;<\/em><\/p><p style=\"text-align: right;\"><em>Henri Cartier-Bresson<\/em><\/p>\t\t\t\t\t\t<\/div>\n\t\t\t\t<\/div>\n\t\t\t\t<div class=\"elementor-element elementor-element-fd376f8 elementor-invisible elementor-widget elementor-widget-text-editor\" data-id=\"fd376f8\" data-element_type=\"widget\" data-settings=\"{&quot;_animation_delay&quot;:600,&quot;_animation&quot;:&quot;fadeInUp&quot;}\" data-widget_type=\"text-editor.default\">\n\t\t\t\t<div class=\"elementor-widget-container\">\n\t\t\t\t\t\t\t<p style=\"text-align: left;\"><em>Kiedy fotografuj\u0119, to otwartym okiem patrz\u0119 na \u015bwiat, a zamkni\u0119tym spogl\u0105dam w g\u0142\u0105b siebie. <\/em><\/p><p style=\"text-align: right;\"><em>Henri Cartier-Bresson<\/em><\/p>\t\t\t\t\t\t<\/div>\n\t\t\t\t<\/div>\n\t\t\t\t\t<\/div>\n\t\t<\/div>\n\t\t\t\t<div class=\"elementor-column elementor-col-50 elementor-top-column elementor-element elementor-element-748b7a90\" data-id=\"748b7a90\" data-element_type=\"column\">\n\t\t\t<div class=\"elementor-widget-wrap elementor-element-populated\">\n\t\t\t\t\t\t\t\t<div class=\"elementor-element elementor-element-3aacd02c elementor-widget elementor-widget-spacer\" data-id=\"3aacd02c\" data-element_type=\"widget\" data-widget_type=\"spacer.default\">\n\t\t\t\t<div class=\"elementor-widget-container\">\n\t\t\t\t\t<div class=\"elementor-spacer\">\n\t\t\t<div class=\"elementor-spacer-inner\"><\/div>\n\t\t<\/div>\n\t\t\t\t<\/div>\n\t\t\t\t<\/div>\n\t\t\t\t<div class=\"elementor-element elementor-element-3d47f0ab elementor-absolute elementor-widget elementor-widget-image\" data-id=\"3d47f0ab\" data-element_type=\"widget\" data-settings=\"{&quot;_position&quot;:&quot;absolute&quot;}\" data-widget_type=\"image.default\">\n\t\t\t\t<div class=\"elementor-widget-container\">\n\t\t\t<style>\/*! elementor - v3.7.4 - 31-08-2022 *\/\n.elementor-widget-image{text-align:center}.elementor-widget-image a{display:inline-block}.elementor-widget-image a img[src$=\".svg\"]{width:48px}.elementor-widget-image img{vertical-align:middle;display:inline-block}<\/style>\t\t\t\t\t\t\t\t\t\t\t\t<img src=\"https:\/\/agnieszkachechlowska.pl\/wp-content\/uploads\/elementor\/thumbs\/DSC00024-scaled-puo6bhjq3j1g1l381tp730zycfxne7v0zmhcg3ma68.jpg\" title=\"DSC00024\" alt=\"DSC00024\" class=\"elementor-animation-shrink\" \/>\t\t\t\t\t\t\t\t\t\t\t\t\t\t\t<\/div>\n\t\t\t\t<\/div>\n\t\t\t\t<div class=\"elementor-element elementor-element-939c6a3 elementor-widget elementor-widget-spacer\" data-id=\"939c6a3\" data-element_type=\"widget\" data-widget_type=\"spacer.default\">\n\t\t\t\t<div class=\"elementor-widget-container\">\n\t\t\t\t\t<div class=\"elementor-spacer\">\n\t\t\t<div class=\"elementor-spacer-inner\"><\/div>\n\t\t<\/div>\n\t\t\t\t<\/div>\n\t\t\t\t<\/div>\n\t\t\t\t<div class=\"elementor-element elementor-element-3e224f38 elementor-widget elementor-widget-spacer\" data-id=\"3e224f38\" data-element_type=\"widget\" data-widget_type=\"spacer.default\">\n\t\t\t\t<div class=\"elementor-widget-container\">\n\t\t\t\t\t<div class=\"elementor-spacer\">\n\t\t\t<div class=\"elementor-spacer-inner\"><\/div>\n\t\t<\/div>\n\t\t\t\t<\/div>\n\t\t\t\t<\/div>\n\t\t\t\t\t<\/div>\n\t\t<\/div>\n\t\t\t\t\t\t\t<\/div>\n\t\t<\/section>\n\t\t\t\t<section class=\"elementor-section elementor-top-section elementor-element elementor-element-246de17 elementor-section-boxed elementor-section-height-default elementor-section-height-default\" data-id=\"246de17\" data-element_type=\"section\">\n\t\t\t\t\t\t<div class=\"elementor-container elementor-column-gap-default\">\n\t\t\t\t\t<div class=\"elementor-column elementor-col-100 elementor-top-column elementor-element elementor-element-84bc22f\" data-id=\"84bc22f\" data-element_type=\"column\">\n\t\t\t<div class=\"elementor-widget-wrap elementor-element-populated\">\n\t\t\t\t\t\t\t\t<div class=\"elementor-element elementor-element-c913fd9 elementor-hidden-desktop elementor-widget elementor-widget-image\" data-id=\"c913fd9\" data-element_type=\"widget\" data-widget_type=\"image.default\">\n\t\t\t\t<div class=\"elementor-widget-container\">\n\t\t\t\t\t\t\t\t\t\t\t\t\t\t\t<img width=\"769\" height=\"1024\" src=\"https:\/\/agnieszkachechlowska.pl\/wp-content\/uploads\/2022\/09\/DSC00024-1-769x1024.jpg\" class=\"attachment-large size-large\" alt=\"\" loading=\"lazy\" srcset=\"https:\/\/agnieszkachechlowska.pl\/wp-content\/uploads\/2022\/09\/DSC00024-1-769x1024.jpg 769w, https:\/\/agnieszkachechlowska.pl\/wp-content\/uploads\/2022\/09\/DSC00024-1-225x300.jpg 225w, https:\/\/agnieszkachechlowska.pl\/wp-content\/uploads\/2022\/09\/DSC00024-1-768x1023.jpg 768w, https:\/\/agnieszkachechlowska.pl\/wp-content\/uploads\/2022\/09\/DSC00024-1-1153x1536.jpg 1153w, https:\/\/agnieszkachechlowska.pl\/wp-content\/uploads\/2022\/09\/DSC00024-1-1537x2048.jpg 1537w, https:\/\/agnieszkachechlowska.pl\/wp-content\/uploads\/2022\/09\/DSC00024-1-scaled.jpg 1922w\" sizes=\"(max-width: 769px) 100vw, 769px\" \/>\t\t\t\t\t\t\t\t\t\t\t\t\t\t\t<\/div>\n\t\t\t\t<\/div>\n\t\t\t\t\t<\/div>\n\t\t<\/div>\n\t\t\t\t\t\t\t<\/div>\n\t\t<\/section>\n\t\t\t\t<section class=\"elementor-section elementor-top-section elementor-element elementor-element-ee72fce elementor-reverse-tablet elementor-reverse-mobile elementor-hidden-desktop elementor-section-boxed elementor-section-height-default elementor-section-height-default\" data-id=\"ee72fce\" data-element_type=\"section\" data-settings=\"{&quot;background_background&quot;:&quot;classic&quot;}\">\n\t\t\t\t\t\t\t<div class=\"elementor-background-overlay\"><\/div>\n\t\t\t\t\t\t\t<div class=\"elementor-container elementor-column-gap-default\">\n\t\t\t\t\t<div class=\"elementor-column elementor-col-100 elementor-top-column elementor-element elementor-element-54023df\" data-id=\"54023df\" data-element_type=\"column\">\n\t\t\t<div class=\"elementor-widget-wrap elementor-element-populated\">\n\t\t\t\t\t\t\t\t<div class=\"elementor-element elementor-element-a03edc3 animated-slow elementor-invisible elementor-widget elementor-widget-heading\" data-id=\"a03edc3\" data-element_type=\"widget\" data-settings=\"{&quot;_animation&quot;:&quot;fadeIn&quot;,&quot;_animation_delay&quot;:600}\" data-widget_type=\"heading.default\">\n\t\t\t\t<div class=\"elementor-widget-container\">\n\t\t\t<h2 class=\"elementor-heading-title elementor-size-default\">AGnieszka<br>Chech\u0142owska<\/h2>\t\t<\/div>\n\t\t\t\t<\/div>\n\t\t\t\t<div class=\"elementor-element elementor-element-d616d64 elementor-invisible elementor-widget elementor-widget-text-editor\" data-id=\"d616d64\" data-element_type=\"widget\" data-settings=\"{&quot;_animation&quot;:&quot;fadeInDown&quot;}\" data-widget_type=\"text-editor.default\">\n\t\t\t\t<div class=\"elementor-widget-container\">\n\t\t\t\t\t\t\t<p>CHechlovska foto<\/p>\t\t\t\t\t\t<\/div>\n\t\t\t\t<\/div>\n\t\t\t\t<div class=\"elementor-element elementor-element-4f35727 elementor-invisible elementor-widget elementor-widget-text-editor\" data-id=\"4f35727\" data-element_type=\"widget\" data-settings=\"{&quot;_animation_delay&quot;:600,&quot;_animation&quot;:&quot;fadeInUp&quot;}\" data-widget_type=\"text-editor.default\">\n\t\t\t\t<div class=\"elementor-widget-container\">\n\t\t\t\t\t\t\t<p style=\"text-align: left;\"><em>W fotografii podoba mi si\u0119 to, \u017ce mo\u017cna uchwyci\u0107 moment, kt\u00f3ry znikn\u0105\u0142 na zawsze, i taki, kt\u00f3ry jest niemo\u017cliwy do odtworzenia.<\/em><\/p><p style=\"padding-left: 40px; text-align: right;\"><em>Karl Lagerfeld<\/em><\/p>\t\t\t\t\t\t<\/div>\n\t\t\t\t<\/div>\n\t\t\t\t<div class=\"elementor-element elementor-element-242ba57 elementor-invisible elementor-widget elementor-widget-text-editor\" data-id=\"242ba57\" data-element_type=\"widget\" data-settings=\"{&quot;_animation_delay&quot;:600,&quot;_animation&quot;:&quot;fadeInUp&quot;}\" data-widget_type=\"text-editor.default\">\n\t\t\t\t<div class=\"elementor-widget-container\">\n\t\t\t\t\t\t\t<p style=\"text-align: left;\"><em>Fotografia jest dla mnie sztuk\u0105 obserwacji. To umiej\u0119tno\u015b\u0107 znalezienia czego\u015b interesuj\u0105cego w zwyk\u0142ym miejscu. Odkry\u0142em, \u017ce nie jest zbyt istotne co wida\u0107 &#8211; istotne jest to, co potrafisz z tym zrobi\u0107.\u00a0<\/em><\/p><p style=\"text-align: right;\"><em>Elliott Erwitt<\/em><\/p>\t\t\t\t\t\t<\/div>\n\t\t\t\t<\/div>\n\t\t\t\t<div class=\"elementor-element elementor-element-c7357b5 elementor-invisible elementor-widget elementor-widget-text-editor\" data-id=\"c7357b5\" data-element_type=\"widget\" data-settings=\"{&quot;_animation_delay&quot;:600,&quot;_animation&quot;:&quot;fadeInUp&quot;}\" data-widget_type=\"text-editor.default\">\n\t\t\t\t<div class=\"elementor-widget-container\">\n\t\t\t\t\t\t\t<p style=\"text-align: left;\"><em>Do obiektywu trzeba podkra\u015b\u0107 si\u0119 na palcach, nawet w przypadku martwej natury. Trzeba w\u0142o\u017cy\u0107 aksamitne r\u0119kawiczki i by\u0107 czujnym. Bez przepychania i t\u0142oczenia si\u0119.&#8221;<\/em><\/p><p style=\"text-align: right;\"><em>Henri Cartier-Bresson<\/em><\/p>\t\t\t\t\t\t<\/div>\n\t\t\t\t<\/div>\n\t\t\t\t<div class=\"elementor-element elementor-element-0f72f3d elementor-invisible elementor-widget elementor-widget-text-editor\" data-id=\"0f72f3d\" data-element_type=\"widget\" data-settings=\"{&quot;_animation_delay&quot;:600,&quot;_animation&quot;:&quot;fadeInUp&quot;}\" data-widget_type=\"text-editor.default\">\n\t\t\t\t<div class=\"elementor-widget-container\">\n\t\t\t\t\t\t\t<p style=\"text-align: left;\"><em>Kiedy fotografuj\u0119, to otwartym okiem patrz\u0119 na \u015bwiat, a zamkni\u0119tym spogl\u0105dam w g\u0142\u0105b siebie. <\/em><\/p><p style=\"text-align: right;\"><em>Henri Cartier-Bresson<\/em><\/p>\t\t\t\t\t\t<\/div>\n\t\t\t\t<\/div>\n\t\t\t\t\t<\/div>\n\t\t<\/div>\n\t\t\t\t\t\t\t<\/div>\n\t\t<\/section>\n\t\t\t\t<section class=\"elementor-section elementor-top-section elementor-element elementor-element-f7258fe elementor-reverse-tablet elementor-reverse-mobile elementor-section-height-full elementor-section-items-top elementor-section-boxed elementor-section-height-default\" data-id=\"f7258fe\" data-element_type=\"section\" data-settings=\"{&quot;background_background&quot;:&quot;classic&quot;}\">\n\t\t\t\t\t\t\t<div class=\"elementor-background-overlay\"><\/div>\n\t\t\t\t\t\t\t<div class=\"elementor-container elementor-column-gap-no\">\n\t\t\t\t\t<div class=\"elementor-column elementor-col-100 elementor-top-column elementor-element elementor-element-a640d6c\" data-id=\"a640d6c\" data-element_type=\"column\">\n\t\t\t<div class=\"elementor-widget-wrap elementor-element-populated\">\n\t\t\t\t\t\t\t\t<div class=\"elementor-element elementor-element-be3b612 elementor-widget elementor-widget-text-editor\" data-id=\"be3b612\" data-element_type=\"widget\" data-settings=\"{&quot;_animation_delay&quot;:600,&quot;_animation&quot;:&quot;none&quot;}\" data-widget_type=\"text-editor.default\">\n\t\t\t\t<div class=\"elementor-widget-container\">\n\t\t\t\t\t\t\t<h5><em>Hej! <\/em><\/h5>\n<p><em>Powy\u017cszych cytat\u00f3w nie wybra\u0142am przypadkowo. Opisuj\u0105 fotografi\u0119 tak jak ja j\u0105 postrzegam. Przeczytaj je nawet po kilka razy. Poznasz mnie tym samym bli\u017cej w relacji w jakiej jestem z fotografi\u0105, a mo\u017ce te\u017c wy\u0142apiesz co\u015b niewyra\u017calnego.<\/em><\/p>\n<p><em>Jestem fotografem. Fotografem wielu dziedzin. Chc\u0119 odkrywa\u0107 we wszystkich jej obszarach pi\u0119kno i nie zamyka\u0107 si\u0119 na jedn\u0105. W ka\u017cdej daj\u0119 z siebie wszystko, dzi\u0119ki temu mog\u0119 da\u0107 najlepsze zdj\u0119cia ka\u017cdemu z kim pracuj\u0119. Znajdziecie mnie g\u0142\u00f3wnie na terenie woj. podlaskiego i mazowieckiego, ale nie widz\u0119 przeszk\u00f3d, aby dojecha\u0107 w inne miejsce.<\/em><\/p>\n<p><em>Chc\u0119 zapisywa\u0107 najpi\u0119kniejsze i najwa\u017cniejsze momenty Waszego \u017cycia. W reporta\u017cach lubi\u0119 fotografowa\u0107 z ukrycia. \u0141apa\u0107 te mikrosekundy wyj\u0105tkowych spojrze\u0144, u\u015bmiech\u00f3w, wzrusze\u0144&nbsp;i innych emocji. Nie ma nic bardziej naturalnego, a w\u0142a\u015bnie to chcia\u0142abym przekaza\u0107 w zdj\u0119ciu, naturalno\u015b\u0107 i emocje. Aparat sta\u0142 si\u0119 moim narz\u0119dziem, \u017ceby te chwil\u0119 uwiecznia\u0107 i tworzy\u0107 przepi\u0119kne pami\u0105tki.<\/em><\/p>\n<p><em>Widz\u0119 Tw\u00f3j u\u015bmiech, Twoje gesty, Twoje oczy czasem radosne, czasem szklane. \u015awiat dooko\u0142a postrzegam g\u0142\u00f3wnie fotograficznym okiem, dzi\u0119ki czemu widz\u0119 wi\u0119cej i prze\u017cywam mocniej. Ka\u017cda Twoja emocja jest dla mnie wa\u017cna, ka\u017cda historia jest pi\u0119kna, dlatego uwiecznijmy to razem \ud83d\ude42 Pami\u0119taj te\u017c, \u017ce zawsze mo\u017cesz liczy\u0107 na moj\u0105 pomoc, w przygotowaniu do sesji, w trakcie, w pozowaniu, a tak\u017ce po, zale\u017cnie czy wolisz mocniejsz\u0105 czy delikatn\u0105 obr\u00f3bk\u0119 \ud83d\ude42<\/em><\/p>\n<p><em>Mam nadziej\u0119 do zobaczenia na zdj\u0119ciach! \ud83d\ude42<\/em><\/p>\t\t\t\t\t\t<\/div>\n\t\t\t\t<\/div>\n\t\t\t\t\t<\/div>\n\t\t<\/div>\n\t\t\t\t\t\t\t<\/div>\n\t\t<\/section>\n\t\t\t\t<section class=\"elementor-section elementor-top-section elementor-element elementor-element-16f083f elementor-section-boxed elementor-section-height-default elementor-section-height-default\" data-id=\"16f083f\" data-element_type=\"section\">\n\t\t\t\t\t\t<div class=\"elementor-container elementor-column-gap-default\">\n\t\t\t\t\t<div class=\"elementor-column elementor-col-100 elementor-top-column elementor-element elementor-element-bb0c4f9\" data-id=\"bb0c4f9\" data-element_type=\"column\">\n\t\t\t<div class=\"elementor-widget-wrap elementor-element-populated\">\n\t\t\t\t\t\t\t\t<div class=\"elementor-element elementor-element-11c6e53 elementor-widget elementor-widget-image\" data-id=\"11c6e53\" data-element_type=\"widget\" data-widget_type=\"image.default\">\n\t\t\t\t<div class=\"elementor-widget-container\">\n\t\t\t\t\t\t\t\t\t\t\t\t\t\t\t<img width=\"800\" height=\"264\" src=\"https:\/\/agnieszkachechlowska.pl\/wp-content\/uploads\/2023\/04\/projekt22-1024x338.jpg\" class=\"attachment-large size-large\" alt=\"\" loading=\"lazy\" srcset=\"https:\/\/agnieszkachechlowska.pl\/wp-content\/uploads\/2023\/04\/projekt22-1024x338.jpg 1024w, https:\/\/agnieszkachechlowska.pl\/wp-content\/uploads\/2023\/04\/projekt22-300x99.jpg 300w, https:\/\/agnieszkachechlowska.pl\/wp-content\/uploads\/2023\/04\/projekt22-768x253.jpg 768w, https:\/\/agnieszkachechlowska.pl\/wp-content\/uploads\/2023\/04\/projekt22-1536x507.jpg 1536w, https:\/\/agnieszkachechlowska.pl\/wp-content\/uploads\/2023\/04\/projekt22-2048x676.jpg 2048w\" sizes=\"(max-width: 800px) 100vw, 800px\" \/>\t\t\t\t\t\t\t\t\t\t\t\t\t\t\t<\/div>\n\t\t\t\t<\/div>\n\t\t\t\t\t<\/div>\n\t\t<\/div>\n\t\t\t\t\t\t\t<\/div>\n\t\t<\/section>\n\t\t\t\t\t\t\t<\/div>\n\t\t","protected":false},"excerpt":{"rendered":"<p>AGnieszkaChech\u0142owska CHechlovska foto W fotografii podoba mi si\u0119 to, \u017ce mo\u017cna uchwyci\u0107 moment, kt\u00f3ry znikn\u0105\u0142 na zawsze, i taki, kt\u00f3ry jest niemo\u017cliwy do odtworzenia. Karl Lagerfeld Fotografia jest dla mnie sztuk\u0105 obserwacji. To umiej\u0119tno\u015b\u0107 znalezienia czego\u015b interesuj\u0105cego w zwyk\u0142ym miejscu. Odkry\u0142em, \u017ce nie jest zbyt istotne co wida\u0107 &#8211; istotne jest to, co potrafisz z [&hellip;]<\/p>\n","protected":false},"author":1,"featured_media":0,"parent":0,"menu_order":0,"comment_status":"closed","ping_status":"closed","template":"elementor_header_footer","meta":[],"_links":{"self":[{"href":"https:\/\/agnieszkachechlowska.pl\/index.php\/wp-json\/wp\/v2\/pages\/39"}],"collection":[{"href":"https:\/\/agnieszkachechlowska.pl\/index.php\/wp-json\/wp\/v2\/pages"}],"about":[{"href":"https:\/\/agnieszkachechlowska.pl\/index.php\/wp-json\/wp\/v2\/types\/page"}],"author":[{"embeddable":true,"href":"https:\/\/agnieszkachechlowska.pl\/index.php\/wp-json\/wp\/v2\/users\/1"}],"replies":[{"embeddable":true,"href":"https:\/\/agnieszkachechlowska.pl\/index.php\/wp-json\/wp\/v2\/comments?post=39"}],"version-history":[{"count":142,"href":"https:\/\/agnieszkachechlowska.pl\/index.php\/wp-json\/wp\/v2\/pages\/39\/revisions"}],"predecessor-version":[{"id":10935,"href":"https:\/\/agnieszkachechlowska.pl\/index.php\/wp-json\/wp\/v2\/pages\/39\/revisions\/10935"}],"wp:attachment":[{"href":"https:\/\/agnieszkachechlowska.pl\/index.php\/wp-json\/wp\/v2\/media?parent=39"}],"curies":[{"name":"wp","href":"https:\/\/api.w.org\/{rel}","templated":true}]}}